{"id":3113,"date":"2026-01-26T14:11:29","date_gmt":"2026-01-26T14:11:29","guid":{"rendered":"https:\/\/hoteltrovatore.com\/spiaggia\/"},"modified":"2026-04-12T19:05:29","modified_gmt":"2026-04-12T19:05:29","slug":"strand","status":"publish","type":"page","link":"https:\/\/hoteltrovatore.com\/de\/strand\/","title":{"rendered":"Spiaggia"},"content":{"rendered":"<div id=\"pl-3113\"  class=\"panel-layout\" ><div id=\"pg-3113-0\"  class=\"panel-grid panel-no-style\" ><div id=\"pgc-3113-0-0\"  class=\"panel-grid-cell\" ><div id=\"panel-3113-0-0-0\" class=\"so-panel widget widget_sow-editor panel-first-child panel-last-child\" data-index=\"0\" ><div\n\t\t\t\n\t\t\tclass=\"so-widget-sow-editor so-widget-sow-editor-base\"\n\t\t\t\n\t\t>\n<div class=\"siteorigin-widget-tinymce textwidget\">\n\t<h2><em>Neuheiten Strand 2026<\/em><\/h2>\n<p>Infolge der neuen Vorschriften zu den Strandkonzessionen (Bolkestein-Richtlinie \u2013 Richtlinie 2006\/123\/EG) sowie der kommunalen Durchf\u00fchrungsverordnung steht allen Hotels im Zentrum von Jesolo im Vergleich zu den vergangenen Jahren eine reduzierte Anzahl an Sonnenschirmen zur Verf\u00fcgung. <em>Aus diesem Grund haben wir spezielle Pakete entwickelt \u2013 f\u00fcr alle, die maximalen Komfort und einen garantierten Strandplatz w\u00fcnschen, aber auch f\u00fcr jene, die gr\u00f6\u00dftm\u00f6gliche Flexibilit\u00e4t bevorzugen und keine zus\u00e4tzlichen Kosten f\u00fcr nicht vollst\u00e4ndig genutzte Leistungen tragen m\u00f6chten.<\/em><\/p>\n<p><strong>Wir sind eines der wenigen Hotels im zentralen Bereich von Jesolo, das einen\u00a0garantierten Strandplatz\u00a0anbietet.<\/strong><\/p>\n<p>Im\u00a0Hotel Trovatore\u00a0verwalten wir \u2013 um unseren G\u00e4sten das bestm\u00f6gliche Erlebnis zu garantieren \u2013 direkt eine begrenzte Anzahl an Strandpl\u00e4tzen, die \u00fcber unser Haus reserviert werden k\u00f6nnen. Dies erm\u00f6glicht es uns, klare und transparente L\u00f6sungen anzubieten, um das Meer ganz entspannt genie\u00dfen zu k\u00f6nnen.<\/p>\n<p><strong>Was \u00e4ndert sich?<\/strong><\/p>\n<p>Die Strandpl\u00e4tze bestehen nicht mehr aus dem klassischen Sonnenschirm mit zwei eng beieinanderstehenden Liegen. Die neuen Bestimmungen sehen\u00a0echte, klar abgegrenzte Bereiche\u00a0vor, jeweils von etwa\u00a04 \u00d7 4 Metern (16 m\u00b2), die\u00a0deutlich mehr Platz, Komfort und Privatsph\u00e4re\u00a0als bisher garantieren.<\/p>\n<p>Jeder Strandplatz ist standardm\u00e4\u00dfig f\u00fcr zwei Personen ausgestattet mit einem Sonnenschirm und zwei Liegest\u00fchlen, bietet somit auch zu den belebtesten Tageszeiten mehr Komfort und Bewegungsfreiheit.<\/p>\n<p>Dank dieser neuen Raumaufteilung kann\u00a0eine Familie, die in mehreren Zimmern wohnt, auch eine geringere Anzahl an Strandpl\u00e4tzen buchen \u2013 entsprechend dem tats\u00e4chlichen Bedarf. So k\u00f6nnen sich beispielsweise zwei Zimmer\u00a0einen einzigen Strandbereich teilen, ohne auf Komfort verzichten zu m\u00fcssen, dank der gro\u00dfz\u00fcgigen zur Verf\u00fcgung stehenden Fl\u00e4chen.<\/p>\n<p>Diese L\u00f6sung macht den Strandservice\u00a0flexibler, komfortabler und familienfreundlicher, bei gleichzeitig hohem Ma\u00df an Ruhe und Privatsph\u00e4re.<\/p>\n<h3><\/h3>\n<p>&nbsp;<\/p>\n<h3><em>Unsere Tarife:<\/em><\/h3>\n<h3>A) Garantierter Strandtarif \u2013 Zimmer + Strandservice<\/h3>\n<p>Dieses Paket stellt eine neue Premium-Urlaubsformel dar: Der Strandplatz ist in Jesolo nicht mehr automatisch verf\u00fcgbar, sondern wird zu einem\u00a0exklusiven und begrenzten Service, gedacht f\u00fcr G\u00e4ste, die Komfort und Ruhe suchen. Im Lichte der neuen gesetzlichen Regelungen m\u00f6chten wir klare Rahmenbedingungen in einem sich wandelnden Markt schaffen, um unseren G\u00e4sten neue und flexible L\u00f6sungen anbieten zu k\u00f6nnen.<br \/>\n<em><u>Der Preis ist nicht mehr mit dem der vergangenen Jahre vergleichbar:<\/u><\/em><strong><em><u>\u00a0Zimmer + Garantierter Strandplatzist ein vollst\u00e4ndig neu konzipiertes Produkt, das alle Hotelleistungen umfasst sowie einen zus\u00e4tzlichen, besonders wertvollen Service, der heute in Jesolo aufgrund der reduzierten Anzahl an Sonnenschirmen selten geworden ist.<\/u><\/em><\/strong><\/p>\n<p>Zusammenfassung:<\/p>\n<ul>\n<li>Garantierter Strandplatz f\u00fcr die gesamte Dauer des Urlaubs*<\/li>\n<li>Nur bei Direktbuchung verf\u00fcgbar: \u00fcber unsere Website (durch Auswahl der Option\u00a0Zimmer mit garantiertem Strandtarif), per E-Mail, telefonisch und \u2013\u00a0Neuheit 2026\u2013 auch \u00fcber WhatsApp<\/li>\n<li>Premium-Produkt: eines der wenigen Hotels im Zentrum von Jesolo mit diesem Service. Inklusive sind au\u00dferdem alle weiteren Hotelleistungen: Parkplatz, Klimaanlage, WLAN, t\u00e4gliche Reinigung sowie die Bar-Terrasse mit Blick auf die Fu\u00dfg\u00e4ngerzone<\/li>\n<li>Exklusiver Verkauf f\u00fcr den gesamten Aufenthalt: Das Paket\u00a0Garantierter Strandgilt f\u00fcr den gesamten Aufenthalt und kann nicht aufgeteilt werden. Einzelne Tage k\u00f6nnen nicht ausgeschlossen werden \u2013 der Strandplatz ist nur f\u00fcr die komplette Urlaubsdauer garantiert<\/li>\n<li>Nicht erstattungsf\u00e4higbei schlechtem Wetter oder Nichtnutzung des Strandes<\/li>\n<li>Ideal f\u00fcr alle, die Jesolo sorgenfrei genie\u00dfen m\u00f6chten \u2013 mit der Gewissheit eines reservierten Strandplatzes und allen Hotelleistungen stets griffbereit.<\/li>\n<\/ul>\n<p>*Der Strandbetrieb, Eigent\u00fcmer und Betreiber der Strandpl\u00e4tze, weist den Hotels eine begrenzte Anzahl an Pl\u00e4tzen zu, verteilt von der ersten bis zur letzten Reihe \u2013 von den wasser\u00adnahen bis zu den weiter hinten gelegenen. Mit dem Paket\u00a0Garantierter Strand\u00a0ist dein Platz stets gesichert, die genaue Lage kann jedoch von Tag zu Tag variieren. Bei der Ankunft kannst du frei unter den f\u00fcr diesen Tag noch verf\u00fcgbaren Pl\u00e4tzen w\u00e4hlen.<\/p>\n<p>&nbsp;<\/p>\n<h3>B) Standardtarif \u2013 Zimmer ohne Strandservice<\/h3>\n<p><em>Gedacht f\u00fcr alle, die maximale Flexibilit\u00e4t w\u00fcnschen, um den Urlaub in Jesolo ganz nach eigenen Vorstellungen zu gestalten. Ideal f\u00fcr G\u00e4ste, die jeden Urlaubstag frei organisieren m\u00f6chten \u2013 ohne Bindungen und ohne zus\u00e4tzliche Kosten \u2013 und dabei dennoch alle Hotelleistungen genie\u00dfen.<\/em><\/p>\n<p>Zusammenfassung:<\/p>\n<ul>\n<li>Buchbar sowohl direkt als auch \u00fcber Online-Portale (OTA)<\/li>\n<li>Alle Hotelleistungen inklusive: Parkplatz, Klimaanlage, WLAN, t\u00e4gliche Reinigung sowie die Bar-Terrasse mit Blick auf die Fu\u00dfg\u00e4ngerzone<\/li>\n<li>Maximale Freiheit, Urlaub ohne Grenzen: volle Flexibilit\u00e4t bei der Gestaltung deiner Tage. Morgens Strand und nachmittags Venedig? Oder vielleicht umgekehrt? Mit dem Standardpaket bestimmst du selbst das Tempo. Jeden Tag entscheidest du neu, wie du Jesolo und seine Umgebung erleben m\u00f6chtest: Entspannung am Strand, Shopping, Ausfl\u00fcge nach Venedig oder in nahegelegene St\u00e4dte, kulinarische Touren, Museen, Freizeit- und Wasserparks oder Shopping-Touren in den Outlets. Alles ohne Einschr\u00e4nkungen, ohne Zusatzkosten und ganz auf dich zugeschnitten<\/li>\n<li>Kein Risiko: Schlechtes Wetter? Keine verlorenen Kosten<\/li>\n<li>Keine Mindestaufenthaltsdauer(Minimum Stay): auch f\u00fcr kurze Aufenthalte buchbar, an allen Wochentagen<\/li>\n<li>Nutze die neuen und zahlreichen\u00a0freien Strandbereiche, die k\u00fcrzlich entlang der gesamten K\u00fcste geschaffen wurden \u2013 einschlie\u00dflich eines neuen Bereichs direkt vor dem Hotel<\/li>\n<\/ul>\n<hr \/>\n<p><em>\u201cWir laden dich ein, bereits bei der Buchung die f\u00fcr dich passende Formel zu w\u00e4hlen. W\u00e4hrend der Auswahl der Zimmerkategorie kannst du dich f\u00fcr das\u00a0Zimmer mit garantiertem Strandtarif\u00a0oder das\u00a0Zimmer mit Standardtarif\u00a0entscheiden und festlegen, ob du das Fr\u00fchst\u00fcck hinzuf\u00fcgen m\u00f6chtest. Dank des Dropdown-Men\u00fcs ist die Auswahl einfach und intuitiv und f\u00fchrt dich zur L\u00f6sung, die am besten deinen Bed\u00fcrfnissen entspricht.\u201d<\/em><\/p>\n<\/div>\n<\/div><\/div><\/div><\/div><\/div>","protected":false},"excerpt":{"rendered":"<p>Neuheiten Strand 2026 Infolge der neuen Vorschriften zu den Strandkonzessionen (Bolkestein-Richtlinie \u2013 Richtlinie 2006\/123\/EG) sowie der kommunalen Durchf\u00fchrungsverordnung steht allen Hotels im Zentrum von Jesolo im Vergleich zu den vergangenen&#8230;<\/p>\n","protected":false},"author":5,"featured_media":0,"parent":0,"menu_order":0,"comment_status":"closed","ping_status":"closed","template":"","meta":{"_acf_changed":false,"footnotes":""},"class_list":["post-3113","page","type-page","status-publish","hentry","entry"],"acf":[],"_links":{"self":[{"href":"https:\/\/hoteltrovatore.com\/de\/wp-json\/wp\/v2\/pages\/3113","targetHints":{"allow":["GET"]}}],"collection":[{"href":"https:\/\/hoteltrovatore.com\/de\/wp-json\/wp\/v2\/pages"}],"about":[{"href":"https:\/\/hoteltrovatore.com\/de\/wp-json\/wp\/v2\/types\/page"}],"author":[{"embeddable":true,"href":"https:\/\/hoteltrovatore.com\/de\/wp-json\/wp\/v2\/users\/5"}],"replies":[{"embeddable":true,"href":"https:\/\/hoteltrovatore.com\/de\/wp-json\/wp\/v2\/comments?post=3113"}],"version-history":[{"count":15,"href":"https:\/\/hoteltrovatore.com\/de\/wp-json\/wp\/v2\/pages\/3113\/revisions"}],"predecessor-version":[{"id":3190,"href":"https:\/\/hoteltrovatore.com\/de\/wp-json\/wp\/v2\/pages\/3113\/revisions\/3190"}],"wp:attachment":[{"href":"https:\/\/hoteltrovatore.com\/de\/wp-json\/wp\/v2\/media?parent=3113"}],"curies":[{"name":"wp","href":"https:\/\/api.w.org\/{rel}","templated":true}]}}