{"id":2952,"date":"2025-03-03T13:18:33","date_gmt":"2025-03-03T13:18:33","guid":{"rendered":"https:\/\/hoteltrovatore.com\/policy-cookie\/"},"modified":"2025-10-28T14:12:25","modified_gmt":"2025-10-28T14:12:25","slug":"policy-cookie","status":"publish","type":"page","link":"https:\/\/hoteltrovatore.com\/de\/policy-cookie\/","title":{"rendered":"Cookie Richtlinie"},"content":{"rendered":"<p>G\u00fcltig ab: 30. Juli 2025<br \/>\nLetzte Aktualisierung: 30. Juli 2025<br \/>\nWas sind Cookies? Diese Cookie-Richtlinie erkl\u00e4rt, was Cookies sind und wie wir sie verwenden, welche Arten von Cookies wir verwenden, welche Informationen wir durch Cookies sammeln und wie wir sie verwenden und wie Sie Ihre Cookie-Einstellungen verwalten.<br \/>\nCookies sind kleine Textdateien, in denen kleine Informationen gespeichert werden. Sie werden auf Ihrem Ger\u00e4t gespeichert, wenn die Website in Ihrem Browser geladen wird. Diese Cookies helfen uns dabei, die ordnungsgem\u00e4\u00dfe Funktion der Website zu gew\u00e4hrleisten, sie sicherer zu machen, ein besseres Benutzererlebnis zu bieten, die Leistung der Website zu verstehen und zu analysieren, was funktioniert und wo Verbesserungsbedarf besteht.<br \/>\nWie verwenden wir Cookies? Wie die meisten Onlinedienste verwendet unsere Website Erstanbieter- und Drittanbieter-Cookies f\u00fcr verschiedene Zwecke. Erstanbieter-Cookies sind meist notwendig, damit die Website ordnungsgem\u00e4\u00df funktioniert, und erfassen keine personenbezogenen Daten.<br \/>\nDie auf unserer Website verwendeten Cookies von Drittanbietern dienen in erster Linie dazu, die Leistung der Website und Ihre Interaktion mit ihr zu verstehen, die Sicherheit unserer Dienste zu gew\u00e4hrleisten, relevante Werbung anzuzeigen und Ihnen letztendlich ein besseres Nutzererlebnis zu bieten und Ihre zuk\u00fcnftigen Interaktionen mit unserer Website zu beschleunigen.<\/p>\n<p>Von uns verwendete Cookie-Arten<br \/>\nCookie-Einstellungen verwalten<br \/>\nCookie-Einstellungen<br \/>\nSie k\u00f6nnen Ihre Cookie-Einstellungen jederzeit \u00e4ndern, indem Sie auf die Schaltfl\u00e4che oben klicken. So k\u00f6nnen Sie das Cookie-Einwilligungsbanner anzeigen und Ihre Einstellungen \u00e4ndern oder Ihre Einwilligung sofort widerrufen.<\/p>\n<p>Dar\u00fcber hinaus bieten verschiedene Browser unterschiedliche Methoden zum Blockieren und L\u00f6schen von Cookies, die von Websites verwendet werden. Sie k\u00f6nnen Ihre Browsereinstellungen \u00e4ndern, um Cookies zu blockieren\/l\u00f6schen. Nachfolgend finden Sie Links zu Supportdokumenten zum Verwalten und L\u00f6schen von Cookies in den wichtigsten Webbrowsern.<br \/>\nChrome: https:\/\/support.google.com\/accounts\/answer\/32050<br \/>\nSafari: https:\/\/support.apple.com\/en-us\/guide\/safari\/sfri11471\/mac<br \/>\nFirefox: https:\/\/support.mozilla.org\/en-US\/kb\/clear-cookies-and-site-data-firefox?redirectslug=delete-cookies-remove-info-websites-stored&#038;redirectlocale=en-US<br \/>\nInternet Explorer: https:\/\/support.microsoft.com\/en-us\/topic\/how-to-delete-cookie-files-in-internet-explorer-bca9446f-d873-78de-77ba-d42645fa52fc<br \/>\nWenn Sie einen anderen Webbrowser verwenden, lesen Sie die offiziellen Supportdokumente des Browsers.<\/p>\n","protected":false},"excerpt":{"rendered":"<p>G\u00fcltig ab: 30. Juli 2025 Letzte Aktualisierung: 30. Juli 2025 Was sind Cookies? Diese Cookie-Richtlinie erkl\u00e4rt, was Cookies sind und wie wir sie verwenden, welche Arten von Cookies wir verwenden,&#8230;<\/p>\n","protected":false},"author":5,"featured_media":0,"parent":0,"menu_order":0,"comment_status":"closed","ping_status":"closed","template":"","meta":{"_acf_changed":false,"footnotes":""},"class_list":["post-2952","page","type-page","status-publish","hentry","entry"],"acf":[],"_links":{"self":[{"href":"https:\/\/hoteltrovatore.com\/de\/wp-json\/wp\/v2\/pages\/2952","targetHints":{"allow":["GET"]}}],"collection":[{"href":"https:\/\/hoteltrovatore.com\/de\/wp-json\/wp\/v2\/pages"}],"about":[{"href":"https:\/\/hoteltrovatore.com\/de\/wp-json\/wp\/v2\/types\/page"}],"author":[{"embeddable":true,"href":"https:\/\/hoteltrovatore.com\/de\/wp-json\/wp\/v2\/users\/5"}],"replies":[{"embeddable":true,"href":"https:\/\/hoteltrovatore.com\/de\/wp-json\/wp\/v2\/comments?post=2952"}],"version-history":[{"count":3,"href":"https:\/\/hoteltrovatore.com\/de\/wp-json\/wp\/v2\/pages\/2952\/revisions"}],"predecessor-version":[{"id":2963,"href":"https:\/\/hoteltrovatore.com\/de\/wp-json\/wp\/v2\/pages\/2952\/revisions\/2963"}],"wp:attachment":[{"href":"https:\/\/hoteltrovatore.com\/de\/wp-json\/wp\/v2\/media?parent=2952"}],"curies":[{"name":"wp","href":"https:\/\/api.w.org\/{rel}","templated":true}]}}