{"id":1681,"date":"2021-04-14T12:21:09","date_gmt":"2021-04-14T12:21:09","guid":{"rendered":"http:\/\/trovatore.demari.co\/?page_id=1681"},"modified":"2026-03-16T14:21:19","modified_gmt":"2026-03-16T14:21:19","slug":"angebote-und-bedingungen","status":"publish","type":"page","link":"https:\/\/hoteltrovatore.com\/de\/angebote-und-bedingungen\/","title":{"rendered":"ALLGEMEINE GESCH\u00c4FTSBEDINGUNGEN"},"content":{"rendered":"<div id=\"pl-1681\"  class=\"panel-layout\" ><div id=\"pg-1681-0\"  class=\"panel-grid panel-no-style\" ><div id=\"pgc-1681-0-0\"  class=\"panel-grid-cell\" ><div id=\"panel-1681-0-0-0\" class=\"so-panel widget widget_sow-editor panel-first-child\" data-index=\"0\" ><div\n\t\t\t\n\t\t\tclass=\"so-widget-sow-editor so-widget-sow-editor-base\"\n\t\t\t\n\t\t>\n<div class=\"siteorigin-widget-tinymce textwidget\">\n\t<\/div>\n<\/div><\/div><div id=\"panel-1681-0-0-1\" class=\"so-panel widget widget_sow-editor\" data-index=\"1\" ><div\n\t\t\t\n\t\t\tclass=\"so-widget-sow-editor so-widget-sow-editor-base\"\n\t\t\t\n\t\t><h3 class=\"widget-title\">     <\/h3>\n<div class=\"siteorigin-widget-tinymce textwidget\">\n\t<h2><b>ERM\u00c4SSIGUNGEN*<\/b><\/h2>\n<p>---- DRITTES UND VIERTES BETT ERWACHSENE -10%<\/p>\n<p>----KINDER (IM ZIMMER MIT ZWEI MENSCHEN VOLLZAHLERN):<\/p>\n<p>5 BIS 10 JAHRE -30%<br \/>\n2 BIS 4 JAHRE -50%<br \/>\n0 BIS 24 MONATE KOSTENLOS<\/p>\n<p>* ERM\u00c4SSIGUNGEN BEI KURZAUFENTHALTEN NACH ERMESSEN DES HOTELS<\/p>\n<hr \/>\n<p>&nbsp;<\/p>\n<h2><b>RABATTE F\u00dcR ANGESCHLOSSENE RESTAURANTS, PIZZERIEN UND PUB<\/b><\/h2>\n<p>ROUTE 66 AUF 30 METERN ENTFERNT -15%<br \/>\nMORENO AUF 100 METERN ENTFERNT -15%<br \/>\nNERO DI SEPPIA AUF 50 METERN ENTFERNT\u00a0-10%<br \/>\nIL TEATRO AUF 150 METERN ENTFERNT\u00a0-10%<br \/>\nAL BRIGANTINO AUF 200 METERN ENTFERNT\u00a0-10%<\/p>\n<hr \/>\n<\/div>\n<\/div><\/div><div id=\"panel-1681-0-0-2\" class=\"so-panel widget widget_sow-editor\" data-index=\"2\" ><div\n\t\t\t\n\t\t\tclass=\"so-widget-sow-editor so-widget-sow-editor-base\"\n\t\t\t\n\t\t>\n<div class=\"siteorigin-widget-tinymce textwidget\">\n\t<p>&nbsp;<\/p>\n<h2><strong>ZUSCHL\u00c4GE<\/strong><\/h2>\n<p>EINZELZIMMER + \u20ac 15,00 PRO TAG<br \/>\nGITTERBETT F\u00dcR KINDER BIS 24 MONATE \u20ac 10,00 PRO TAG<br \/>\nFR\u00dcHST\u00dcCKSBUFFET EXTRA + \u20ac 8,00 F\u00dcR ERWACHSENE, + \u20ac 5,00 F\u00dcR KINDER BIS 10 JAHRE ALT.<br \/>\nTIERE + \u20ac 10,00 PRO TAG. (Bei mehr als einem Haustier pro Zimmer bleibt der Tagespreis gleich. das hei\u00dft insgesamt \u20ac 10,00 pro Tag).<br \/>\n(Die Tiere k\u00f6nnen sich in allen Bereichen des Hotels mit Ausnahme des Restaurants und Fr\u00fchst\u00fccksraums aufhalten, wie es in fast allen Unterkunftsbetrieben \u00fcblich ist. An unserem Strandabschnitt ist es m\u00f6glich mit dem Tier spazieren zu gehen, jedoch kann es nicht unter dem Sonnenschirm verweilen).<\/p>\n<hr \/>\n<\/div>\n<\/div><\/div><div id=\"panel-1681-0-0-3\" class=\"so-panel widget widget_sow-editor\" data-index=\"3\" ><div\n\t\t\t\n\t\t\tclass=\"so-widget-sow-editor so-widget-sow-editor-base\"\n\t\t\t\n\t\t>\n<div class=\"siteorigin-widget-tinymce textwidget\">\n\t<p>&nbsp;<\/p>\n<h2><strong>UNSER ANGEBOT<\/strong><\/h2>\n<p>In unserem Hotel bieten wir zwei verschiedene Aufenthaltsl\u00f6sungen an, um den Bed\u00fcrfnissen jedes Gastes gerecht zu werden.<\/p>\n<p><strong>In beiden Aufenthaltsl\u00f6sungen enthaltene Leistungen<\/strong><br \/>\nDie Preise beinhalten ein Zimmer mit Bad, Dusche, Haartrockner, Direktwahltelefon, smart TV und Satellit, Safe, Klimaanlage, Minibar, WLAN in den Zimmern und im gesamten Hotel sowie eine\u00a0Meerblick-Terrasse\u00a0mit Tisch, St\u00fchlen und W\u00e4schest\u00e4nder.<br \/>\nPrivatparkplatz und Aufzug sind ebenfalls inklusive.<br \/>\nDie\u00a0Kurtaxe ist NICHT im Preis enthalten.<br \/>\nSie betr\u00e4gt\u00a0\u20ac 1,60 pro Person und Nacht, bis zu einem Maximum von\u00a010 aufeinanderfolgenden N\u00e4chten.<br \/>\nKinder bis\u00a09 Jahre\u00a0sind davon befreit.<br \/>\nDie Kurtaxe ist\u00a0bar direkt im Hotel\u00a0zu entrichten.<\/p>\n<p><strong>Tarif Mit Strand Inklusive (begrenzte Verf\u00fcgbarkeit)<\/strong><br \/>\nDie Preise beinhalten einen\u00a0garantierten Strandplatz f\u00fcr die gesamte Dauer des Aufenthalts.<br \/>\nJeder Strandplatz besteht aus einem abgegrenzten Bereich von ca.\u00a04 \u00d7 4 Metern (16 m\u00b2)\u00a0und bietet\u00a0deutlich mehr Platz, Komfort und Privatsph\u00e4re\u00a0als bisher.<br \/>\nJeder Platz ist standardm\u00e4\u00dfig f\u00fcr\u00a0drei Personen\u00a0ausgestattet und verf\u00fcgt \u00fcber\u00a0einen Sonnenschirm, zwei Liegen und einen Strandstuhl, was auch zu Sto\u00dfzeiten mehr Komfort und Bewegungsfreiheit gew\u00e4hrleistet.<br \/>\nDer\u00a0Rettungsdienst sowie die entsprechenden Strandservices\u00a0sind inbegriffen.<br \/>\n<em>Hinweis:<\/em><br \/>\n<em>a) Die Anzahl der Sonnenschirme und Liegen pro Zimmer variiert nicht je nach Personenzahl im Zimmer, gem\u00e4\u00df den kommunalen Vorschriften.<\/em><br \/>\n<em>b) Der Strandbetrieb, Eigent\u00fcmer und Betreiber der Strandpl\u00e4tze, stellt den Hotels eine begrenzte Anzahl von Pl\u00e4tzen zur Verf\u00fcgung, die in Reihen angeordnet sind \u2013 von der ersten Reihe am Wasser bis zu den weiter hinten liegenden Reihen. Mit dem\u00a0Tarif mit Garantiertem Strandplatz\u00a0ist ein Platz stets garantiert, die genaue Lage kann jedoch von Tag zu Tag variieren. Bei Ankunft am Strand k\u00f6nnen Sie frei unter den f\u00fcr diesen Tag noch verf\u00fcgbaren Pl\u00e4tzen w\u00e4hlen.<\/em><\/p>\n<p><strong>Standardtarif<\/strong><br \/>\nDiese L\u00f6sung beinhaltet keinen Strandservice.<br \/>\nG\u00e4ste k\u00f6nnen bei Bedarf des freien Strandes or die Strandb\u00e4der der Umgebung nutzen, zu Bedingungen und Preisen, die unabh\u00e4ngig vom Hotel festgelegt werden.<\/p>\n<\/div>\n<\/div><\/div><div id=\"panel-1681-0-0-4\" class=\"so-panel widget widget_sow-editor\" data-index=\"4\" ><div\n\t\t\t\n\t\t\tclass=\"so-widget-sow-editor so-widget-sow-editor-base\"\n\t\t\t\n\t\t>\n<div class=\"siteorigin-widget-tinymce textwidget\">\n\t<p>&nbsp;<\/p>\n<h2><strong>BUCHUNGSBEDINGUNGEN<\/strong><\/h2>\n<p>Die Reservierungen gelten nach Erhalt einer w\u00e4hrend der Buchung per \u00dcberweisung beglichenen Anzahlung oder per Hinterlegung der Kreditkartedetails als best\u00e4tigt.<br \/>\nZahlungsmethoden im Hotel:<br \/>\n- Barzahlung (bis zu \u20ac 4.999,99 gem\u00e4\u00df der geltenden Vorschriften).<br \/>\n- Elektronische Zahlung mit Kredit- oder Prepaid-Karten der Kartennetze Bancomat, Visa, MasterCard und Maestro.<br \/>\n- Zahlungen per Scheck werden nur akzeptiert, wenn diese bis sp\u00e4testens 5 Tage vor Abreise erfolgen.<\/p>\n<hr \/>\n<\/div>\n<\/div><\/div><div id=\"panel-1681-0-0-5\" class=\"so-panel widget widget_sow-editor\" data-index=\"5\" ><div\n\t\t\t\n\t\t\tclass=\"so-widget-sow-editor so-widget-sow-editor-base\"\n\t\t\t\n\t\t>\n<div class=\"siteorigin-widget-tinymce textwidget\">\n\t<p>&nbsp;<\/p>\n<h2><strong>CHECK-IN \/ CHECK-OUT<\/strong><\/h2>\n<p>Zimmer, Strandplatz und Parkplatz stehen am Anreisetag ab 12:00 Uhr (Check-in) und am Abreisetag bis 10:00 Uhr (Check-out) zur Verf\u00fcgung.<\/p>\n<p>Je nach Verf\u00fcgbarkeit des Zimmers und des Parkplatzes ist die Anreise auch vor der Check-in Zeit m\u00f6glich,\u00a0Zwischenzeitlich ist es hingegen m\u00f6glich den Strand zu nutzen.<\/p>\n<hr \/>\n<\/div>\n<\/div><\/div><div id=\"panel-1681-0-0-6\" class=\"so-panel widget widget_sow-editor\" data-index=\"6\" ><div\n\t\t\t\n\t\t\tclass=\"so-widget-sow-editor so-widget-sow-editor-base\"\n\t\t\t\n\t\t>\n<div class=\"siteorigin-widget-tinymce textwidget\">\n\t<p>&nbsp;<\/p>\n<h2><strong>LATE CHECK OUT<\/strong><\/h2>\n<p>Am Abreisetag wird die eventuelle Verf\u00fcgbarkeit des Zimmers, des Strandplatzes und des Parkplatzes bis 20:00 Uhr gegen Aufpreis verrechnet.<\/p>\n<hr \/>\n<\/div>\n<\/div><\/div><div id=\"panel-1681-0-0-7\" class=\"so-panel widget widget_sow-editor panel-last-child\" data-index=\"7\" ><div\n\t\t\t\n\t\t\tclass=\"so-widget-sow-editor so-widget-sow-editor-base\"\n\t\t\t\n\t\t>\n<div class=\"siteorigin-widget-tinymce textwidget\">\n\t<h2><strong>STORNIERUNGSBEDINGUNGEN<\/strong><\/h2>\n<p>F\u00fcr versp\u00e4tete Anreisen oder vorzeitige Abreisen beh\u00e4lt sich das Management das Recht vor eine Geb\u00fchr in der H\u00f6he des gebuchten Zimmertarifs f\u00fcr bis zu maximal 3 Tage zu verrechnen.<\/p>\n<p>Bei Nichterscheinen am Anreisetag kann die gesamte Anzahlung verrechnet werden.<\/p>\n<hr \/>\n<p>&nbsp;<\/p>\n<h2><strong>MINDERJ\u00c4HRIGE<\/strong><\/h2>\n<p>G\u00e4ste unter 18 Jahren k\u00f6nnen nur mit einem Elternteil oder einem Erwachsenen mit Einverst\u00e4ndniserkl\u00e4rung der Eltern einchecken.<br \/>\n(Fragen Sie das Formular im Hotel)<\/p>\n<hr \/>\n<\/div>\n<\/div><\/div><\/div><\/div><\/div>","protected":false},"excerpt":{"rendered":"<p>ERM\u00c4SSIGUNGEN* &#8212;- DRITTES UND VIERTES BETT ERWACHSENE -10% &#8212;-KINDER (IM ZIMMER MIT ZWEI MENSCHEN VOLLZAHLERN): 5 BIS 10 JAHRE -30% 2 BIS 4 JAHRE -50% 0 BIS 24 MONATE KOSTENLOS&#8230;<\/p>\n","protected":false},"author":6,"featured_media":1209,"parent":0,"menu_order":0,"comment_status":"closed","ping_status":"closed","template":"","meta":{"_acf_changed":false,"footnotes":""},"class_list":["post-1681","page","type-page","status-publish","has-post-thumbnail","hentry","entry"],"acf":[],"_links":{"self":[{"href":"https:\/\/hoteltrovatore.com\/de\/wp-json\/wp\/v2\/pages\/1681","targetHints":{"allow":["GET"]}}],"collection":[{"href":"https:\/\/hoteltrovatore.com\/de\/wp-json\/wp\/v2\/pages"}],"about":[{"href":"https:\/\/hoteltrovatore.com\/de\/wp-json\/wp\/v2\/types\/page"}],"author":[{"embeddable":true,"href":"https:\/\/hoteltrovatore.com\/de\/wp-json\/wp\/v2\/users\/6"}],"replies":[{"embeddable":true,"href":"https:\/\/hoteltrovatore.com\/de\/wp-json\/wp\/v2\/comments?post=1681"}],"version-history":[{"count":49,"href":"https:\/\/hoteltrovatore.com\/de\/wp-json\/wp\/v2\/pages\/1681\/revisions"}],"predecessor-version":[{"id":3167,"href":"https:\/\/hoteltrovatore.com\/de\/wp-json\/wp\/v2\/pages\/1681\/revisions\/3167"}],"wp:featuredmedia":[{"embeddable":true,"href":"https:\/\/hoteltrovatore.com\/de\/wp-json\/wp\/v2\/media\/1209"}],"wp:attachment":[{"href":"https:\/\/hoteltrovatore.com\/de\/wp-json\/wp\/v2\/media?parent=1681"}],"curies":[{"name":"wp","href":"https:\/\/api.w.org\/{rel}","templated":true}]}}