{"id":1655,"date":"2021-04-14T12:05:18","date_gmt":"2021-04-14T12:05:18","guid":{"rendered":"http:\/\/trovatore.demari.co\/?page_id=1655"},"modified":"2021-05-04T21:58:39","modified_gmt":"2021-05-04T21:58:39","slug":"nelle-vicinanze","status":"publish","type":"page","link":"https:\/\/hoteltrovatore.com\/de\/nelle-vicinanze\/","title":{"rendered":"UMGEBUNG"},"content":{"rendered":"<div id=\"pl-1655\"  class=\"panel-layout\" ><div id=\"pg-1655-0\"  class=\"panel-grid panel-has-style\" ><div class=\"change_order panel-row-style panel-row-style-for-1655-0\" ><div id=\"pgc-1655-0-0\"  class=\"panel-grid-cell\" ><div id=\"panel-1655-0-0-0\" class=\"so-panel widget widget_media_image panel-first-child panel-last-child\" data-index=\"0\" ><img loading=\"lazy\" decoding=\"async\" width=\"255\" height=\"195\" src=\"https:\/\/hoteltrovatore.com\/wp-content\/uploads\/2020\/04\/Pedestrian-walkway.jpg\" class=\"image wp-image-1478  attachment-full size-full\" alt=\"\" style=\"max-width: 100%; height: auto;\" sizes=\"auto, (max-width: 34.9rem) calc(100vw - 2rem), (max-width: 53rem) calc(8 * (100vw \/ 12)), (min-width: 53rem) calc(6 * (100vw \/ 12)), 100vw\" \/><\/div><\/div><div id=\"pgc-1655-0-1\"  class=\"panel-grid-cell\" ><div id=\"panel-1655-0-1-0\" class=\"so-panel widget widget_sow-editor panel-first-child panel-last-child\" data-index=\"1\" ><div\n\t\t\t\n\t\t\tclass=\"so-widget-sow-editor so-widget-sow-editor-base\"\n\t\t\t\n\t\t><h3 class=\"widget-title\">Fu\u00dfg\u00e4ngerzone \u2013 0 m<\/h3>\n<div class=\"siteorigin-widget-tinymce textwidget\">\n\t<p>In Jesolo befindet sich die l\u00e4ngste Fu\u00dfg\u00e4ngerzone Europas. Jeden Abend verwandelt sich die Hauptstra\u00dfe Jesolos von 20:00 bis 06:00 Uhr in eine lange Shoppingmeile umgeben von Schaufenstern, Restaurants und Gesch\u00e4ften. Entspannen Sie sich bei einem Spaziergang bei dem Sie von High-Fashion-Boutiquen und Juwelieren bis hin zu Haushalts- und Strandartikeln wirklich alles finden k\u00f6nnen. Das Hotel Trovatore befindet sich genau im Zentrum der Fu\u00dfg\u00e4ngerzone umgeben von zahlreichen Bars, Pizzerien und Eisdielen.<\/p>\n<\/div>\n<\/div><\/div><\/div><\/div><\/div><div id=\"pg-1655-1\"  class=\"panel-grid panel-no-style\" ><div id=\"pgc-1655-1-0\"  class=\"panel-grid-cell\" ><div class=\"order_left panel-cell-style panel-cell-style-for-1655-1-0\" ><div id=\"panel-1655-1-0-0\" class=\"so-panel widget widget_sow-editor panel-first-child panel-last-child\" data-index=\"2\" ><div\n\t\t\t\n\t\t\tclass=\"so-widget-sow-editor so-widget-sow-editor-base\"\n\t\t\t\n\t\t><h3 class=\"widget-title\">Strand \u2013 70 m<\/h3>\n<div class=\"siteorigin-widget-tinymce textwidget\">\n\t<p>Der sch\u00f6ne Strand von Lido di Jesolo erstreckt sich auf 15 km und bietet zahlreiche Attraktionen sowohl f\u00fcr Familien mit Kinder, als auch Gruppen von Freunden.<br \/>\nDas Flaggschiff Jesolos ist mit Sicherheit das Meer, an dem das Hotel Trovatore, das sich an einem der Hauptzug\u00e4nge zum Strand befindet, seinen G\u00e4sten einen Strandplatz mit Sonnenschirm und Liegen bietet.<\/p>\n<\/div>\n<\/div><\/div><\/div><\/div><div id=\"pgc-1655-1-1\"  class=\"panel-grid-cell\" ><div id=\"panel-1655-1-1-0\" class=\"so-panel widget widget_media_image panel-first-child panel-last-child\" data-index=\"3\" ><img loading=\"lazy\" decoding=\"async\" width=\"255\" height=\"195\" src=\"https:\/\/hoteltrovatore.com\/wp-content\/uploads\/2020\/04\/beach.jpg\" class=\"image wp-image-1466  attachment-full size-full\" alt=\"\" style=\"max-width: 100%; height: auto;\" sizes=\"auto, (max-width: 34.9rem) calc(100vw - 2rem), (max-width: 53rem) calc(8 * (100vw \/ 12)), (min-width: 53rem) calc(6 * (100vw \/ 12)), 100vw\" \/><\/div><\/div><\/div><div id=\"pg-1655-2\"  class=\"panel-grid panel-has-style\" ><div class=\"change_order panel-row-style panel-row-style-for-1655-2\" ><div id=\"pgc-1655-2-0\"  class=\"panel-grid-cell\" ><div class=\"order_left panel-cell-style panel-cell-style-for-1655-2-0\" ><div id=\"panel-1655-2-0-0\" class=\"so-panel widget widget_media_image panel-first-child panel-last-child\" data-index=\"4\" ><img loading=\"lazy\" decoding=\"async\" width=\"642\" height=\"386\" src=\"https:\/\/hoteltrovatore.com\/wp-content\/uploads\/2021\/01\/piazza-aurora.png\" class=\"image wp-image-1600  attachment-full size-full\" alt=\"\" style=\"max-width: 100%; height: auto;\" srcset=\"https:\/\/hoteltrovatore.com\/wp-content\/uploads\/2021\/01\/piazza-aurora.png 642w, https:\/\/hoteltrovatore.com\/wp-content\/uploads\/2021\/01\/piazza-aurora-300x180.png 300w\" sizes=\"auto, (max-width: 34.9rem) calc(100vw - 2rem), (max-width: 53rem) calc(8 * (100vw \/ 12)), (min-width: 53rem) calc(6 * (100vw \/ 12)), 100vw\" \/><\/div><\/div><\/div><div id=\"pgc-1655-2-1\"  class=\"panel-grid-cell\" ><div id=\"panel-1655-2-1-0\" class=\"so-panel widget widget_sow-editor panel-first-child panel-last-child\" data-index=\"5\" ><div\n\t\t\t\n\t\t\tclass=\"so-widget-sow-editor so-widget-sow-editor-base\"\n\t\t\t\n\t\t><h3 class=\"widget-title\">Piazza Aurora \u2013 100 m<\/h3>\n<div class=\"siteorigin-widget-tinymce textwidget\">\n\t<p>Der zentrale Piazza Aurora ist einer der Hauptpl\u00e4tze Jesolos, an dem Sie fast jeden Abend unterhaltsame Veranstaltungen f\u00fcr Familien erwarten.<br \/>\nDas Open-Air-Amphitheater des Piazza Aurora erm\u00f6glicht es kostenfrei, bequem und mit hervorragender Akustik das Sommerprogramm Jesolos zu genie\u00dfen.<\/p>\n<\/div>\n<\/div><\/div><\/div><\/div><\/div><div id=\"pg-1655-3\"  class=\"panel-grid panel-no-style\" ><div id=\"pgc-1655-3-0\"  class=\"panel-grid-cell\" ><div id=\"panel-1655-3-0-0\" class=\"so-panel widget widget_sow-editor panel-first-child panel-last-child\" data-index=\"6\" ><div\n\t\t\t\n\t\t\tclass=\"so-widget-sow-editor so-widget-sow-editor-base\"\n\t\t\t\n\t\t><h3 class=\"widget-title\">Caribe Bay \u2013 400 m<\/h3>\n<div class=\"siteorigin-widget-tinymce textwidget\">\n\t<p>Das Caribe Bay befindet sich in unmittelbarer N\u00e4he des Hotel Trovatore und ist der gr\u00f6\u00dfte Wasserpark Europas, in dem die ganze Familie auf ihre Kosten kommt. W\u00e4hrend die Kinder die zahlreichen Rutschen ausprobieren, g\u00f6nnen sich die Erwachsenen entspannende Momente am Beckenrand der karibischen Pools. An Attraktionen f\u00fcr Gro\u00df und Klein sowie verschiedene Themenshows mangelt es nie. Auf die Abenteuerlustigsten warten extreme Attraktionen wie der Captain Spacemaker oder das Bungee Jumping.<\/p>\n<\/div>\n<\/div><\/div><\/div><div id=\"pgc-1655-3-1\"  class=\"panel-grid-cell\" ><div id=\"panel-1655-3-1-0\" class=\"so-panel widget widget_media_image panel-first-child panel-last-child\" data-index=\"7\" ><img loading=\"lazy\" decoding=\"async\" width=\"255\" height=\"195\" src=\"https:\/\/hoteltrovatore.com\/wp-content\/uploads\/2020\/04\/caribe-bay.jpg\" class=\"image wp-image-1472  attachment-full size-full\" alt=\"\" style=\"max-width: 100%; height: auto;\" sizes=\"auto, (max-width: 34.9rem) calc(100vw - 2rem), (max-width: 53rem) calc(8 * (100vw \/ 12)), (min-width: 53rem) calc(6 * (100vw \/ 12)), 100vw\" \/><\/div><\/div><\/div><div id=\"pg-1655-4\"  class=\"panel-grid panel-has-style\" ><div class=\"change_order panel-row-style panel-row-style-for-1655-4\" ><div id=\"pgc-1655-4-0\"  class=\"panel-grid-cell\" ><div class=\"order_left panel-cell-style panel-cell-style-for-1655-4-0\" ><div id=\"panel-1655-4-0-0\" class=\"so-panel widget widget_sow-image panel-first-child panel-last-child\" data-index=\"8\" ><div\n\t\t\t\n\t\t\tclass=\"so-widget-sow-image so-widget-sow-image-default-8b5b6f678277-1655\"\n\t\t\t\n\t\t>\n<div class=\"sow-image-container\">\n\t\t<img \n\tsrc=\"https:\/\/hoteltrovatore.com\/wp-content\/uploads\/2020\/04\/Piazza-Mazzini.jpg\" width=\"255\" height=\"195\" sizes=\"(max-width: 255px) 100vw, 255px\" alt=\"\" \t\tclass=\"so-widget-image\"\/>\n\t<\/div>\n\n<\/div><\/div><\/div><\/div><div id=\"pgc-1655-4-1\"  class=\"panel-grid-cell\" ><div id=\"panel-1655-4-1-0\" class=\"so-panel widget widget_sow-editor panel-first-child panel-last-child\" data-index=\"9\" ><div\n\t\t\t\n\t\t\tclass=\"so-widget-sow-editor so-widget-sow-editor-base\"\n\t\t\t\n\t\t><h3 class=\"widget-title\">Piazza Mazzini \u2013 600 m<\/h3>\n<div class=\"siteorigin-widget-tinymce textwidget\">\n\t<p>Nur 600 Meter vom Hotel Trovatore entfernt, befindet sich direkt in der Fu\u00dfg\u00e4ngerzone der zentrale Piazza Mazzini, von wo aus Sie in das Nachtleben Jesolos starten k\u00f6nnen.<br \/>\nDie zahlreichen Gesch\u00e4fte, Konditoreien und trendigen Lokale sowie die zahlreichen Veranstaltungen und Events, die das ganze Jahr hindurch organisiert werden, machen Piazza Mazzini zu einer der Hauptattraktionen Jesolos, die Sie sich auf keinen Fall entgehen lassen sollten.<\/p>\n<\/div>\n<\/div><\/div><\/div><\/div><\/div><div id=\"pg-1655-5\"  class=\"panel-grid panel-no-style\" ><div id=\"pgc-1655-5-0\"  class=\"panel-grid-cell\" ><div id=\"panel-1655-5-0-0\" class=\"so-panel widget widget_sow-editor panel-first-child panel-last-child\" data-index=\"10\" ><div\n\t\t\t\n\t\t\tclass=\"so-widget-sow-editor so-widget-sow-editor-base\"\n\t\t\t\n\t\t><h3 class=\"widget-title\">Golf Club \u2013 2 km<\/h3>\n<div class=\"siteorigin-widget-tinymce textwidget\">\n\t<p>Der Golf Club von Jesolo liegt etwa 2 km vom Hotel Trovatore entfernt.<br \/>\nDer 18 Loch Platz ist von viel Gr\u00fcn umgeben und befinden sich in einem eleganten und gepflegten Ambiente. Dank der Meeresbrise und der K\u00fcstenlandschaft ist dieser Golf Club sowohl f\u00fcr Anf\u00e4nger als auch erfahrene Golfspieler geeignet. F\u00fcr diejenigen, die ihr Spiel verbessern m\u00f6chten, gibt es eine Driving Range mit Doppelstationen, Executive 2-Loch und ein Putting Green. Dank der einzigartigen Beschaffenheit des Bodens, der besonders trocken ist, k\u00f6nnen Sie auf diesem Feld zu jeder Jahreszeit und auch nach einem Sturm spielen.<\/p>\n<\/div>\n<\/div><\/div><\/div><div id=\"pgc-1655-5-1\"  class=\"panel-grid-cell\" ><div id=\"panel-1655-5-1-0\" class=\"so-panel widget widget_media_image panel-first-child panel-last-child\" data-index=\"11\" ><img loading=\"lazy\" decoding=\"async\" width=\"255\" height=\"195\" src=\"https:\/\/hoteltrovatore.com\/wp-content\/uploads\/2020\/04\/golf-jesolo.jpg\" class=\"image wp-image-1475  attachment-full size-full\" alt=\"\" style=\"max-width: 100%; height: auto;\" sizes=\"auto, (max-width: 34.9rem) calc(100vw - 2rem), (max-width: 53rem) calc(8 * (100vw \/ 12)), (min-width: 53rem) calc(6 * (100vw \/ 12)), 100vw\" \/><\/div><\/div><\/div><div id=\"pg-1655-6\"  class=\"panel-grid panel-has-style\" ><div class=\"change_order panel-row-style panel-row-style-for-1655-6\" ><div id=\"pgc-1655-6-0\"  class=\"panel-grid-cell\" ><div class=\"order_left panel-cell-style panel-cell-style-for-1655-6-0\" ><div id=\"panel-1655-6-0-0\" class=\"so-panel widget widget_media_image panel-first-child panel-last-child\" data-index=\"12\" ><div class=\"second_image panel-widget-style panel-widget-style-for-1655-6-0-0\" ><img loading=\"lazy\" decoding=\"async\" width=\"255\" height=\"195\" src=\"https:\/\/hoteltrovatore.com\/wp-content\/uploads\/2020\/04\/pista-azzura.jpg\" class=\"image wp-image-1484  attachment-full size-full\" alt=\"\" style=\"max-width: 100%; height: auto;\" sizes=\"auto, (max-width: 34.9rem) calc(100vw - 2rem), (max-width: 53rem) calc(8 * (100vw \/ 12)), (min-width: 53rem) calc(6 * (100vw \/ 12)), 100vw\" \/><\/div><\/div><\/div><\/div><div id=\"pgc-1655-6-1\"  class=\"panel-grid-cell\" ><div id=\"panel-1655-6-1-0\" class=\"so-panel widget widget_sow-editor panel-first-child panel-last-child\" data-index=\"13\" ><div\n\t\t\t\n\t\t\tclass=\"so-widget-sow-editor so-widget-sow-editor-base\"\n\t\t\t\n\t\t><h3 class=\"widget-title\">Pista Azzurra \u2013 2 km<\/h3>\n<div class=\"siteorigin-widget-tinymce textwidget\">\n\t<p>Etwa 2 km vom Hotel Trovatore entfernt befindet sich die internationale Go-Kart-Piste \u201cPista Azzurra\u201d.<br \/>\nHier ist es m\u00f6glich als Zuschauer bei Events, Rallys und Rennen mitzufiebern und auch die Strecke pers\u00f6nlich mit einem der vielen verf\u00fcgbaren Go Karts zu testen.<\/p>\n<\/div>\n<\/div><\/div><\/div><\/div><\/div><div id=\"pg-1655-7\"  class=\"panel-grid panel-no-style\" ><div id=\"pgc-1655-7-0\"  class=\"panel-grid-cell\" ><div id=\"panel-1655-7-0-0\" class=\"so-panel widget widget_sow-editor panel-first-child panel-last-child\" data-index=\"14\" ><div\n\t\t\t\n\t\t\tclass=\"so-widget-sow-editor so-widget-sow-editor-base\"\n\t\t\t\n\t\t><h3 class=\"widget-title\">Bei Regen\u2026 \u2013 2,5 km<\/h3>\n<div class=\"siteorigin-widget-tinymce textwidget\">\n\t<p>Und wenn es regnet, erwarten Sie in Jesolo in unmittelbarer N\u00e4he zueinander gelegen das Tropicarium, Reptilarium, das Riesenrad, die Sandskulpturen und das Sea Life-Aquarium. Jedes Jahr und den gesamte Sommer \u00fcber wird in derselben Gegend eine interessante Ausstellung eingerichtet, bei denen die Themen von Jahr zu Jahr von Fu\u00dfball \u00fcber Geschichte und Kultur bis hin zu Wissenschaft variieren.<\/p>\n<\/div>\n<\/div><\/div><\/div><div id=\"pgc-1655-7-1\"  class=\"panel-grid-cell\" ><div id=\"panel-1655-7-1-0\" class=\"so-panel widget widget_media_image panel-first-child panel-last-child\" data-index=\"15\" ><img loading=\"lazy\" decoding=\"async\" width=\"255\" height=\"195\" src=\"https:\/\/hoteltrovatore.com\/wp-content\/uploads\/2020\/04\/And-when-it-rains.jpg\" class=\"image wp-image-1463  attachment-full size-full\" alt=\"\" style=\"max-width: 100%; height: auto;\" sizes=\"auto, (max-width: 34.9rem) calc(100vw - 2rem), (max-width: 53rem) calc(8 * (100vw \/ 12)), (min-width: 53rem) calc(6 * (100vw \/ 12)), 100vw\" \/><\/div><\/div><\/div><div id=\"pg-1655-8\"  class=\"panel-grid panel-has-style\" ><div class=\"change_order panel-row-style panel-row-style-for-1655-8\" ><div id=\"pgc-1655-8-0\"  class=\"panel-grid-cell\" ><div id=\"panel-1655-8-0-0\" class=\"so-panel widget widget_sow-image panel-first-child panel-last-child\" data-index=\"16\" ><div\n\t\t\t\n\t\t\tclass=\"so-widget-sow-image so-widget-sow-image-default-8b5b6f678277-1655\"\n\t\t\t\n\t\t>\n<div class=\"sow-image-container\">\n\t\t<img \n\tsrc=\"https:\/\/hoteltrovatore.com\/wp-content\/uploads\/2020\/04\/venezia.jpg\" width=\"255\" height=\"195\" sizes=\"(max-width: 255px) 100vw, 255px\" alt=\"\" \t\tclass=\"so-widget-image\"\/>\n\t<\/div>\n\n<\/div><\/div><\/div><div id=\"pgc-1655-8-1\"  class=\"panel-grid-cell\" ><div id=\"panel-1655-8-1-0\" class=\"so-panel widget widget_sow-editor panel-first-child panel-last-child\" data-index=\"17\" ><div\n\t\t\t\n\t\t\tclass=\"so-widget-sow-editor so-widget-sow-editor-base\"\n\t\t\t\n\t\t><h3 class=\"widget-title\">Venedig \u2013 25 km<\/h3>\n<div class=\"siteorigin-widget-tinymce textwidget\">\n\t<p>Venedig lieg nur 25 km von Jesolo entfernt und das Hotel Trovatore ist der ideale Ausgangspunkt, um eine der sch\u00f6nsten St\u00e4dte der Welt zu besuchen. Nur wenige Meter vom Hotel Trovatore entfernt k\u00f6nnen Sie mit dem Bus nach Punta Sabbioni fahren, von wo aus Sie das Boot nach Venedig nehmen.<br \/>\nAlternativ k\u00f6nnen Sie das nur 15 km entfernte Punta Sabbioni auch mit dem Auto erreichen und eine der zahlreichen Parkpl\u00e4tze nutzen. Die Bootsfahrt ist ein suggestives Erlebnis inmitten der Lagune von Venedig und endet spektakul\u00e4r am ber\u00fchmten Markusplatz.<\/p>\n<\/div>\n<\/div><\/div><\/div><\/div><\/div><\/div>","protected":false},"excerpt":{"rendered":"<p>In Jesolo befindet sich die l\u00e4ngste Fu\u00dfg\u00e4ngerzone Europas. Jeden Abend verwandelt sich die Hauptstra\u00dfe Jesolos von 20:00 bis 06:00 Uhr in eine lange Shoppingmeile umgeben von Schaufenstern, Restaurants und Gesch\u00e4ften&#8230;.<\/p>\n","protected":false},"author":6,"featured_media":1527,"parent":0,"menu_order":0,"comment_status":"closed","ping_status":"closed","template":"","meta":{"_acf_changed":false,"footnotes":""},"class_list":["post-1655","page","type-page","status-publish","has-post-thumbnail","hentry","entry"],"acf":[],"_links":{"self":[{"href":"https:\/\/hoteltrovatore.com\/de\/wp-json\/wp\/v2\/pages\/1655","targetHints":{"allow":["GET"]}}],"collection":[{"href":"https:\/\/hoteltrovatore.com\/de\/wp-json\/wp\/v2\/pages"}],"about":[{"href":"https:\/\/hoteltrovatore.com\/de\/wp-json\/wp\/v2\/types\/page"}],"author":[{"embeddable":true,"href":"https:\/\/hoteltrovatore.com\/de\/wp-json\/wp\/v2\/users\/6"}],"replies":[{"embeddable":true,"href":"https:\/\/hoteltrovatore.com\/de\/wp-json\/wp\/v2\/comments?post=1655"}],"version-history":[{"count":0,"href":"https:\/\/hoteltrovatore.com\/de\/wp-json\/wp\/v2\/pages\/1655\/revisions"}],"wp:featuredmedia":[{"embeddable":true,"href":"https:\/\/hoteltrovatore.com\/de\/wp-json\/wp\/v2\/media\/1527"}],"wp:attachment":[{"href":"https:\/\/hoteltrovatore.com\/de\/wp-json\/wp\/v2\/media?parent=1655"}],"curies":[{"name":"wp","href":"https:\/\/api.w.org\/{rel}","templated":true}]}}