{"id":1645,"date":"2021-04-14T11:55:07","date_gmt":"2021-04-14T11:55:07","guid":{"rendered":"http:\/\/trovatore.demari.co\/?page_id=1645"},"modified":"2021-04-29T13:10:23","modified_gmt":"2021-04-29T13:10:23","slug":"come-arrivare","status":"publish","type":"page","link":"https:\/\/hoteltrovatore.com\/de\/come-arrivare\/","title":{"rendered":"WIE KOMMT MAN"},"content":{"rendered":"<div id=\"pl-1645\"  class=\"panel-layout\" ><div id=\"pg-1645-0\"  class=\"panel-grid panel-no-style\" ><div id=\"pgc-1645-0-0\"  class=\"panel-grid-cell\" ><div id=\"panel-1645-0-0-0\" class=\"so-panel widget widget_media_image panel-first-child panel-last-child\" data-index=\"0\" ><img loading=\"lazy\" decoding=\"async\" width=\"68\" height=\"68\" src=\"https:\/\/hoteltrovatore.com\/wp-content\/uploads\/2019\/12\/dove_siamo_clip_image002_0000.jpg\" class=\"image wp-image-537  attachment-full size-full\" alt=\"\" style=\"max-width: 100%; height: auto;\" sizes=\"auto, (max-width: 34.9rem) calc(100vw - 2rem), (max-width: 53rem) calc(8 * (100vw \/ 12)), (min-width: 53rem) calc(6 * (100vw \/ 12)), 100vw\" \/><\/div><\/div><div id=\"pgc-1645-0-1\"  class=\"panel-grid-cell\" ><div id=\"panel-1645-0-1-0\" class=\"so-panel widget widget_sow-editor panel-first-child panel-last-child\" data-index=\"1\" ><div\n\t\t\t\n\t\t\tclass=\"so-widget-sow-editor so-widget-sow-editor-base\"\n\t\t\t\n\t\t><h3 class=\"widget-title\">Autobahnen<\/h3>\n<div class=\"siteorigin-widget-tinymce textwidget\">\n\t<p>F\u00fcr diejenigen, die aus Mailand oder vom Brenner kommen: Autobahn A4, Ringstra\u00dfe Mestre bis zur Ausfahrt in Richtung Flughafen\/Tessera in Richtung Jesolo.<br \/>\nF\u00fcr diejenigen, die aus Tarvisio, Udine oder Triest kommen: Autobahn A4, Ausfahrt Noventa di Piave\/San Don\u00e0 di Piave in Richtung Jesolo.<\/p>\n<\/div>\n<\/div><\/div><\/div><\/div><div id=\"pg-1645-1\"  class=\"panel-grid panel-no-style\" ><div id=\"pgc-1645-1-0\"  class=\"panel-grid-cell\" ><div id=\"panel-1645-1-0-0\" class=\"so-panel widget widget_media_image panel-first-child panel-last-child\" data-index=\"2\" ><img loading=\"lazy\" decoding=\"async\" width=\"68\" height=\"68\" src=\"https:\/\/hoteltrovatore.com\/wp-content\/uploads\/2019\/12\/dove_siamo_clip_image002_0001.jpg\" class=\"image wp-image-540  attachment-full size-full\" alt=\"\" style=\"max-width: 100%; height: auto;\" sizes=\"auto, (max-width: 34.9rem) calc(100vw - 2rem), (max-width: 53rem) calc(8 * (100vw \/ 12)), (min-width: 53rem) calc(6 * (100vw \/ 12)), 100vw\" \/><\/div><\/div><div id=\"pgc-1645-1-1\"  class=\"panel-grid-cell\" ><div id=\"panel-1645-1-1-0\" class=\"so-panel widget widget_sow-editor panel-first-child panel-last-child\" data-index=\"3\" ><div\n\t\t\t\n\t\t\tclass=\"so-widget-sow-editor so-widget-sow-editor-base\"\n\t\t\t\n\t\t><h3 class=\"widget-title\">Bus<\/h3>\n<div class=\"siteorigin-widget-tinymce textwidget\">\n\t<p>Jesolo ist durch verschiedene Buslinien mit dem Rest Italiens und anderen europ\u00e4ischen L\u00e4ndern verbunden. Alle Buslinien halten am Busbahnhof (Endstation) in Jesolo Lido, von wo aus Sie den Bus Nr. 3 zum Piazza Faro oder den Bus Nr. 5 nach Punta Sabbioni nehmen k\u00f6nnen und eine Haltestelle nach dem Piazza Aurora aussteigen.<\/p>\n<\/div>\n<\/div><\/div><\/div><\/div><div id=\"pg-1645-2\"  class=\"panel-grid panel-no-style\" ><div id=\"pgc-1645-2-0\"  class=\"panel-grid-cell\" ><div id=\"panel-1645-2-0-0\" class=\"so-panel widget widget_media_image panel-first-child panel-last-child\" data-index=\"4\" ><img loading=\"lazy\" decoding=\"async\" width=\"68\" height=\"68\" src=\"https:\/\/hoteltrovatore.com\/wp-content\/uploads\/2019\/12\/dove_siamo_clip_image002_0002.jpg\" class=\"image wp-image-543  attachment-full size-full\" alt=\"\" style=\"max-width: 100%; height: auto;\" sizes=\"auto, (max-width: 34.9rem) calc(100vw - 2rem), (max-width: 53rem) calc(8 * (100vw \/ 12)), (min-width: 53rem) calc(6 * (100vw \/ 12)), 100vw\" \/><\/div><\/div><div id=\"pgc-1645-2-1\"  class=\"panel-grid-cell\" ><div id=\"panel-1645-2-1-0\" class=\"so-panel widget widget_sow-editor panel-first-child panel-last-child\" data-index=\"5\" ><div\n\t\t\t\n\t\t\tclass=\"so-widget-sow-editor so-widget-sow-editor-base\"\n\t\t\t\n\t\t><h3 class=\"widget-title\">Z\u00fcge<\/h3>\n<div class=\"siteorigin-widget-tinymce textwidget\">\n\t<p>In unserer N\u00e4he befinden sich zwei Bahnh\u00f6fe: Venezia Mestre (45 km entfernt) und San Don\u00e0 di Piave (17 km entfernt).<br \/>\nLinienbusse verbinden beide mit dem Busbahnhof (Endstation) in Jesolo Lido.<\/p>\n<\/div>\n<\/div><\/div><\/div><\/div><div id=\"pg-1645-3\"  class=\"panel-grid panel-no-style\" ><div id=\"pgc-1645-3-0\"  class=\"panel-grid-cell\" ><div id=\"panel-1645-3-0-0\" class=\"so-panel widget widget_media_image panel-first-child panel-last-child\" data-index=\"6\" ><img loading=\"lazy\" decoding=\"async\" width=\"68\" height=\"68\" src=\"https:\/\/hoteltrovatore.com\/wp-content\/uploads\/2019\/12\/dove_siamo_clip_image002_0003.jpg\" class=\"image wp-image-546  attachment-full size-full\" alt=\"\" style=\"max-width: 100%; height: auto;\" sizes=\"auto, (max-width: 34.9rem) calc(100vw - 2rem), (max-width: 53rem) calc(8 * (100vw \/ 12)), (min-width: 53rem) calc(6 * (100vw \/ 12)), 100vw\" \/><\/div><\/div><div id=\"pgc-1645-3-1\"  class=\"panel-grid-cell\" ><div id=\"panel-1645-3-1-0\" class=\"so-panel widget widget_sow-editor panel-first-child panel-last-child\" data-index=\"7\" ><div\n\t\t\t\n\t\t\tclass=\"so-widget-sow-editor so-widget-sow-editor-base\"\n\t\t\t\n\t\t><h3 class=\"widget-title\">Flugh\u00e4fen<\/h3>\n<div class=\"siteorigin-widget-tinymce textwidget\">\n\t<p>Die Flugh\u00e4fen sind nach ihrer Entfernung geordnet:<\/p>\n<p>Venedig - 35 km<\/p>\n<p>Treviso - 45 km<\/p>\n<p>Triest - 85 km<\/p>\n<p>Verona - 150 km<\/p>\n<\/div>\n<\/div><\/div><\/div><\/div><div id=\"pg-1645-4\"  class=\"panel-grid panel-no-style\" ><div id=\"pgc-1645-4-0\"  class=\"panel-grid-cell\" ><div id=\"panel-1645-4-0-0\" class=\"so-panel widget widget_media_image panel-first-child panel-last-child\" data-index=\"8\" ><img loading=\"lazy\" decoding=\"async\" width=\"68\" height=\"68\" src=\"https:\/\/hoteltrovatore.com\/wp-content\/uploads\/2019\/12\/dove_siamo_clip_image002_0004.jpg\" class=\"image wp-image-549  attachment-full size-full\" alt=\"\" style=\"max-width: 100%; height: auto;\" sizes=\"auto, (max-width: 34.9rem) calc(100vw - 2rem), (max-width: 53rem) calc(8 * (100vw \/ 12)), (min-width: 53rem) calc(6 * (100vw \/ 12)), 100vw\" \/><\/div><\/div><div id=\"pgc-1645-4-1\"  class=\"panel-grid-cell\" ><div id=\"panel-1645-4-1-0\" class=\"so-panel widget widget_sow-editor panel-first-child panel-last-child\" data-index=\"9\" ><div\n\t\t\t\n\t\t\tclass=\"so-widget-sow-editor so-widget-sow-editor-base\"\n\t\t\t\n\t\t><h3 class=\"widget-title\">H\u00e4fen<\/h3>\n<div class=\"siteorigin-widget-tinymce textwidget\">\n\t<p>Die Bootsh\u00e4fen sind:<\/p>\n<p>Porto turistico di Jesolo<br \/>\nDarsena dal Vi<br \/>\nMarina di Cortellazzo<br \/>\nNautica Boat Service<\/p>\n<\/div>\n<\/div><\/div><\/div><\/div><div id=\"pg-1645-5\"  class=\"panel-grid panel-no-style\" ><div id=\"pgc-1645-5-0\"  class=\"panel-grid-cell\" ><div id=\"panel-1645-5-0-0\" class=\"so-panel widget widget_media_image panel-first-child panel-last-child\" data-index=\"10\" ><img loading=\"lazy\" decoding=\"async\" width=\"68\" height=\"68\" src=\"https:\/\/hoteltrovatore.com\/wp-content\/uploads\/2019\/12\/dove_siamo_clip_image002_0005.jpg\" class=\"image wp-image-552  attachment-full size-full\" alt=\"\" style=\"max-width: 100%; height: auto;\" sizes=\"auto, (max-width: 34.9rem) calc(100vw - 2rem), (max-width: 53rem) calc(8 * (100vw \/ 12)), (min-width: 53rem) calc(6 * (100vw \/ 12)), 100vw\" \/><\/div><\/div><div id=\"pgc-1645-5-1\"  class=\"panel-grid-cell\" ><div id=\"panel-1645-5-1-0\" class=\"so-panel widget widget_sow-editor panel-first-child panel-last-child\" data-index=\"11\" ><div\n\t\t\t\n\t\t\tclass=\"so-widget-sow-editor so-widget-sow-editor-base\"\n\t\t\t\n\t\t><h3 class=\"widget-title\">Taxi<\/h3>\n<div class=\"siteorigin-widget-tinymce textwidget\">\n\t<p>Taxiservice von verschiedenen Pl\u00e4tzen in Jesolo unter der Telefonnummer +39 0421372301<\/p>\n<\/div>\n<\/div><\/div><\/div><\/div><\/div>","protected":false},"excerpt":{"rendered":"<p>F\u00fcr diejenigen, die aus Mailand oder vom Brenner kommen: Autobahn A4, Ringstra\u00dfe Mestre bis zur Ausfahrt in Richtung Flughafen\/Tessera in Richtung Jesolo. F\u00fcr diejenigen, die aus Tarvisio, Udine oder Triest&#8230;<\/p>\n","protected":false},"author":6,"featured_media":559,"parent":0,"menu_order":0,"comment_status":"closed","ping_status":"closed","template":"","meta":{"_acf_changed":false,"footnotes":""},"class_list":["post-1645","page","type-page","status-publish","has-post-thumbnail","hentry","entry"],"acf":[],"_links":{"self":[{"href":"https:\/\/hoteltrovatore.com\/de\/wp-json\/wp\/v2\/pages\/1645","targetHints":{"allow":["GET"]}}],"collection":[{"href":"https:\/\/hoteltrovatore.com\/de\/wp-json\/wp\/v2\/pages"}],"about":[{"href":"https:\/\/hoteltrovatore.com\/de\/wp-json\/wp\/v2\/types\/page"}],"author":[{"embeddable":true,"href":"https:\/\/hoteltrovatore.com\/de\/wp-json\/wp\/v2\/users\/6"}],"replies":[{"embeddable":true,"href":"https:\/\/hoteltrovatore.com\/de\/wp-json\/wp\/v2\/comments?post=1645"}],"version-history":[{"count":0,"href":"https:\/\/hoteltrovatore.com\/de\/wp-json\/wp\/v2\/pages\/1645\/revisions"}],"wp:featuredmedia":[{"embeddable":true,"href":"https:\/\/hoteltrovatore.com\/de\/wp-json\/wp\/v2\/media\/559"}],"wp:attachment":[{"href":"https:\/\/hoteltrovatore.com\/de\/wp-json\/wp\/v2\/media?parent=1645"}],"curies":[{"name":"wp","href":"https:\/\/api.w.org\/{rel}","templated":true}]}}